{"id":4120,"date":"2018-04-10T22:23:52","date_gmt":"2018-04-10T19:23:52","guid":{"rendered":"http:\/\/domusrea.com\/it\/?page_id=4120"},"modified":"2018-04-26T15:20:25","modified_gmt":"2018-04-26T12:20:25","slug":"automazione-e-controllo","status":"publish","type":"page","link":"http:\/\/domusrea.com\/it\/attivita\/trade\/automazione-e-controllo\/","title":{"rendered":"AUTOMAZIONE E CONTROLLO"},"content":{"rendered":"<p>Controllo assoluto<\/p>\n<p>Sistemi integrati di ingegneria elettrica, meccanica, hardware e software.<\/p>\n<p>La pluriennale esperienza nell\u2019integrazione di impianti consente la realizzazione dei pi\u00f9 complessi sistemi per l\u2019automazione industriale. Produttivit\u00e0, affidabilit\u00e0, integrazione con le tecnologie pre esistenti e la possibilit\u00e0 di adattamento con tecnologie future sono i drivers per la realizzazione degli impianti in ambito industriale.<\/p>\n<p><strong>STORAGING<\/strong><br \/>\n<strong> HANDLING<\/strong><br \/>\n<strong> ISOLE ROBOTIZZATE<\/strong><br \/>\n<strong> PICK AND PLACE<\/strong><\/p>\n","protected":false},"excerpt":{"rendered":"<p>Controllo assoluto Sistemi integrati di ingegneria elettrica, meccanica, hardware e software. La pluriennale esperienza nell\u2019integrazione di impianti consente la realizzazione dei pi\u00f9 complessi sistemi per l\u2019automazione industriale. Produttivit\u00e0, affidabilit\u00e0, integrazione con le tecnologie pre esistenti e la possibilit\u00e0 di adattamento con tecnologie future sono i drivers per la realizzazione degli impianti in ambito industriale. STORAGING&#8230; <\/p>\n<div class=\"clear\"><\/div>\n<p><a href=\"http:\/\/domusrea.com\/it\/attivita\/trade\/automazione-e-controllo\/\" class=\"excerpt-read-more\">Learn More<i class=\"fa fa-angle-double-right icon-double-angle-right\"><\/i><\/a><\/p>\n","protected":false},"author":1,"featured_media":0,"parent":4114,"menu_order":0,"comment_status":"closed","ping_status":"closed","template":"","meta":{"footnotes":""},"class_list":["post-4120","page","type-page","status-publish","hentry"],"_links":{"self":[{"href":"http:\/\/domusrea.com\/it\/wp-json\/wp\/v2\/pages\/4120","targetHints":{"allow":["GET"]}}],"collection":[{"href":"http:\/\/domusrea.com\/it\/wp-json\/wp\/v2\/pages"}],"about":[{"href":"http:\/\/domusrea.com\/it\/wp-json\/wp\/v2\/types\/page"}],"author":[{"embeddable":true,"href":"http:\/\/domusrea.com\/it\/wp-json\/wp\/v2\/users\/1"}],"replies":[{"embeddable":true,"href":"http:\/\/domusrea.com\/it\/wp-json\/wp\/v2\/comments?post=4120"}],"version-history":[{"count":3,"href":"http:\/\/domusrea.com\/it\/wp-json\/wp\/v2\/pages\/4120\/revisions"}],"predecessor-version":[{"id":4326,"href":"http:\/\/domusrea.com\/it\/wp-json\/wp\/v2\/pages\/4120\/revisions\/4326"}],"up":[{"embeddable":true,"href":"http:\/\/domusrea.com\/it\/wp-json\/wp\/v2\/pages\/4114"}],"wp:attachment":[{"href":"http:\/\/domusrea.com\/it\/wp-json\/wp\/v2\/media?parent=4120"}],"curies":[{"name":"wp","href":"https:\/\/api.w.org\/{rel}","templated":true}]}}