{"id":4144,"date":"2018-04-10T22:32:07","date_gmt":"2018-04-10T19:32:07","guid":{"rendered":"http:\/\/domusrea.com\/it\/?page_id=4144"},"modified":"2018-04-26T15:27:00","modified_gmt":"2018-04-26T12:27:00","slug":"settore-ferroviario","status":"publish","type":"page","link":"http:\/\/domusrea.com\/it\/settori\/settore-ferroviario\/","title":{"rendered":"Settore ferroviario"},"content":{"rendered":"<p>Grazie alle spiccate conoscenze in materia, mettiamo a disposizione eccellenti competenze in un campo cos\u00ec delicato e importante come quello delle locomotive. In particolar modo la societ\u00e0 si \u00e8 specializzata nel revamping di locomotori da manovra, rimettendo a nuovo macchine datate e installando su di esse sistemi di controllo e di supervisione all\u2019avanguardia, ponendo grande attenzione per le norme vigenti in campo ferroviario, con istallazione di componenti adatti per rotabili.<\/p>\n<p>Di seguito sono elencati alcuni lavori in campo ferroviario che la societ\u00e0 offre di realizzare:<\/p>\n<ul>\n<li>Revamping elettrico di locomotori da manovra;<\/li>\n<li>Modernizzazione di macchine datate;<\/li>\n<li>Installazione di impianti di controllo su locomotori da manovra;<\/li>\n<li>Installazione di impianti di automazione su locomotori da manovra;<\/li>\n<li>Installazione di impianti di supervisione su locomotori da manovra;<\/li>\n<li>Sostituzione di componenti e cablaggi vecchi con nuove apparecchiature conformi alle norme ferroviarie;<\/li>\n<li>Innovativi sistemi per facilitare la manutenzione.<\/li>\n<\/ul>\n","protected":false},"excerpt":{"rendered":"<p>Grazie alle spiccate conoscenze in materia, mettiamo a disposizione eccellenti competenze in un campo cos\u00ec delicato e importante come quello delle locomotive. In particolar modo la societ\u00e0 si \u00e8 specializzata nel revamping di locomotori da manovra, rimettendo a nuovo macchine datate e installando su di esse sistemi di controllo e di supervisione all\u2019avanguardia, ponendo grande&#8230; <\/p>\n<div class=\"clear\"><\/div>\n<p><a href=\"http:\/\/domusrea.com\/it\/settori\/settore-ferroviario\/\" class=\"excerpt-read-more\">Learn More<i class=\"fa fa-angle-double-right icon-double-angle-right\"><\/i><\/a><\/p>\n","protected":false},"author":1,"featured_media":0,"parent":4134,"menu_order":0,"comment_status":"closed","ping_status":"closed","template":"","meta":{"footnotes":""},"class_list":["post-4144","page","type-page","status-publish","hentry"],"_links":{"self":[{"href":"http:\/\/domusrea.com\/it\/wp-json\/wp\/v2\/pages\/4144","targetHints":{"allow":["GET"]}}],"collection":[{"href":"http:\/\/domusrea.com\/it\/wp-json\/wp\/v2\/pages"}],"about":[{"href":"http:\/\/domusrea.com\/it\/wp-json\/wp\/v2\/types\/page"}],"author":[{"embeddable":true,"href":"http:\/\/domusrea.com\/it\/wp-json\/wp\/v2\/users\/1"}],"replies":[{"embeddable":true,"href":"http:\/\/domusrea.com\/it\/wp-json\/wp\/v2\/comments?post=4144"}],"version-history":[{"count":3,"href":"http:\/\/domusrea.com\/it\/wp-json\/wp\/v2\/pages\/4144\/revisions"}],"predecessor-version":[{"id":4330,"href":"http:\/\/domusrea.com\/it\/wp-json\/wp\/v2\/pages\/4144\/revisions\/4330"}],"up":[{"embeddable":true,"href":"http:\/\/domusrea.com\/it\/wp-json\/wp\/v2\/pages\/4134"}],"wp:attachment":[{"href":"http:\/\/domusrea.com\/it\/wp-json\/wp\/v2\/media?parent=4144"}],"curies":[{"name":"wp","href":"https:\/\/api.w.org\/{rel}","templated":true}]}}